{"id":16,"date":"2022-10-25T13:36:42","date_gmt":"2022-10-25T11:36:42","guid":{"rendered":"https:\/\/betamo.no\/?page_id=16"},"modified":"2022-11-08T14:29:18","modified_gmt":"2022-11-08T13:29:18","slug":"personvernerklaering","status":"publish","type":"page","link":"https:\/\/betamo.no\/en\/personvernerklaering\/","title":{"rendered":"Privacy statement"},"content":{"rendered":"<div data-elementor-type=\"wp-page\" data-elementor-id=\"16\" class=\"elementor elementor-16\" data-elementor-settings=\"{&quot;element_pack_global_tooltip_width&quot;:{&quot;unit&quot;:&quot;px&quot;,&quot;size&quot;:&quot;&quot;,&quot;sizes&quot;:[]},&quot;element_pack_global_tooltip_width_tablet_extra&quot;:{&quot;unit&quot;:&quot;px&quot;,&quot;size&quot;:&quot;&quot;,&quot;sizes&quot;:[]},&quot;element_pack_global_tooltip_width_tablet&quot;:{&quot;unit&quot;:&quot;px&quot;,&quot;size&quot;:&quot;&quot;,&quot;sizes&quot;:[]},&quot;element_pack_global_tooltip_width_mobile&quot;:{&quot;unit&quot;:&quot;px&quot;,&quot;size&quot;:&quot;&quot;,&quot;sizes&quot;:[]},&quot;element_pack_global_tooltip_padding&quot;:{&quot;unit&quot;:&quot;px&quot;,&quot;top&quot;:&quot;&quot;,&quot;right&quot;:&quot;&quot;,&quot;bottom&quot;:&quot;&quot;,&quot;left&quot;:&quot;&quot;,&quot;isLinked&quot;:true},&quot;element_pack_global_tooltip_padding_tablet_extra&quot;:{&quot;unit&quot;:&quot;px&quot;,&quot;top&quot;:&quot;&quot;,&quot;right&quot;:&quot;&quot;,&quot;bottom&quot;:&quot;&quot;,&quot;left&quot;:&quot;&quot;,&quot;isLinked&quot;:true},&quot;element_pack_global_tooltip_padding_tablet&quot;:{&quot;unit&quot;:&quot;px&quot;,&quot;top&quot;:&quot;&quot;,&quot;right&quot;:&quot;&quot;,&quot;bottom&quot;:&quot;&quot;,&quot;left&quot;:&quot;&quot;,&quot;isLinked&quot;:true},&quot;element_pack_global_tooltip_padding_mobile&quot;:{&quot;unit&quot;:&quot;px&quot;,&quot;top&quot;:&quot;&quot;,&quot;right&quot;:&quot;&quot;,&quot;bottom&quot;:&quot;&quot;,&quot;left&quot;:&quot;&quot;,&quot;isLinked&quot;:true},&quot;element_pack_global_tooltip_border_radius&quot;:{&quot;unit&quot;:&quot;px&quot;,&quot;top&quot;:&quot;&quot;,&quot;right&quot;:&quot;&quot;,&quot;bottom&quot;:&quot;&quot;,&quot;left&quot;:&quot;&quot;,&quot;isLinked&quot;:true},&quot;element_pack_global_tooltip_border_radius_tablet_extra&quot;:{&quot;unit&quot;:&quot;px&quot;,&quot;top&quot;:&quot;&quot;,&quot;right&quot;:&quot;&quot;,&quot;bottom&quot;:&quot;&quot;,&quot;left&quot;:&quot;&quot;,&quot;isLinked&quot;:true},&quot;element_pack_global_tooltip_border_radius_tablet&quot;:{&quot;unit&quot;:&quot;px&quot;,&quot;top&quot;:&quot;&quot;,&quot;right&quot;:&quot;&quot;,&quot;bottom&quot;:&quot;&quot;,&quot;left&quot;:&quot;&quot;,&quot;isLinked&quot;:true},&quot;element_pack_global_tooltip_border_radius_mobile&quot;:{&quot;unit&quot;:&quot;px&quot;,&quot;top&quot;:&quot;&quot;,&quot;right&quot;:&quot;&quot;,&quot;bottom&quot;:&quot;&quot;,&quot;left&quot;:&quot;&quot;,&quot;isLinked&quot;:true}}\" data-elementor-post-type=\"page\">\n\t\t\t\t\t\t<section class=\"elementor-section elementor-top-section elementor-element elementor-element-73e592f5 elementor-section-boxed elementor-section-height-default elementor-section-height-default\" data-id=\"73e592f5\" data-element_type=\"section\" data-e-type=\"section\">\n\t\t\t\t\t\t<div class=\"elementor-container elementor-column-gap-default\">\n\t\t\t\t\t<div class=\"elementor-column elementor-col-100 elementor-top-column elementor-element elementor-element-5ed7429a\" data-id=\"5ed7429a\" data-element_type=\"column\" data-e-type=\"column\">\n\t\t\t<div class=\"elementor-widget-wrap elementor-element-populated\">\n\t\t\t\t\t\t<div class=\"elementor-element elementor-element-69d9b7ef elementor-widget elementor-widget-heading\" data-id=\"69d9b7ef\" data-element_type=\"widget\" data-e-type=\"widget\" data-widget_type=\"heading.default\">\n\t\t\t\t<div class=\"elementor-widget-container\">\n\t\t\t\t\t<h1 class=\"elementor-heading-title elementor-size-default\">Privacy statement<\/h1>\t\t\t\t<\/div>\n\t\t\t\t<\/div>\n\t\t\t\t<div class=\"elementor-element elementor-element-3cf13a0f elementor-widget elementor-widget-text-editor\" data-id=\"3cf13a0f\" data-element_type=\"widget\" data-e-type=\"widget\" data-widget_type=\"text-editor.default\">\n\t\t\t\t<div class=\"elementor-widget-container\">\n\t\t\t\t\t\t\t\t\t<h4>Who we are<\/h4><p>Our website address is: https:\/\/www.betamo.no\/<\/p><h4>\u00a0<\/h4><h4>Comments<\/h4><p>When visitors post comments on the page, the information entered in the comment form is stored in addition to the visitor's IP address and the visitor's browser version. This is done to help avoid frivolous comments.<\/p><p>An anonymous text string generated on the basis of your email address (also called a \"hash\") may be sent to the Gravatar service to verify whether you have an account there. The privacy policy for Gravatar is located here: https:\/\/automattic.com\/privacy\/. After your comment has been approved, your profile picture will be visible to anyone associated with your comment.<\/p><h4>\u00a0<\/h4><h4>Media<\/h4><p>If you upload photos to the site, avoid uploading photos that contain information about the location where they were taken (EXIF GPS). Visitors to the page can download and extract such information from images on the page.<\/p><h4>\u00a0<\/h4><h4>Contact forms<\/h4><p>No data is stored in the form when this is filled in and submitted via our website.<\/p><h4>\u00a0<\/h4><h4>Information cookies<\/h4><p>If you post a comment on this site, you can ask us to remember your name, email and website. This information is stored in a cookie and is there to make things easier for you. You then do not need to enter this information again the next time you post a comment. These cookies expire after one year.<\/p><p>If you have an account and log in to this site, we will create a temporary cookie to determine whether your browser supports its use. This cookie contains no personal data and disappears as soon as you close your browser.<\/p><p>When you log in, cookies are created that store your login information and choices you have made regarding how content should be displayed. Cookies with login information expire after two days, while those with display choices last for one year. If you tick \"Remember me\", your login information will be kept for two weeks. If you log out of your account, these cookies will disappear.<\/p><p>If you edit or publish an article, an additional cookie will be stored in your browser. This cookie does not contain any personal information, but only the ID of the article you just edited. It expires after one day.<\/p><h4>\u00a0<\/h4><h4>Embedded content from other websites<\/h4><p>Articles on this site may include embedded content (eg videos, images, articles, etc.). Embedded content from other websites behaves exactly as if the visitor had visited the website from which the embedded content originates.<\/p><p>These websites may collect information about you, use cookies, embed tracking systems from third parties and monitor what you do through this embedded content. This also includes tracking your actions via the embedded content if you have an account and are logged into the website.<\/p><h3>\u00a0<\/h3><h4>Analysis<\/h4><p>With the help of Google Analytics (GA), Google collects information from each visit made to our website. This is so that we can see and analyze the number of visits to the page and how the pages are used.<\/p><p>Google collects, among other things, information about which browser you use, which mobile phone you use and where you are in Norway. But Google does not collect personal information to the extent that one can trace who you are.<\/p><p>You can see Google Analytics' own GDPR page here: https:\/\/policies.google.com\/privacy\/<\/p><p>We use cookies for remarketing and display in Google's display network. If you do not wish to be tracked by Google Analytics, please visit the Google Analytics opt-out page.<\/p><p>IP addresses. This information is only used to show where the visitor is roughly located, the IP address is not visible to us with access to data in Google Analytics.<\/p><h4>\u00a0<\/h4><h4>Who we share your information with<\/h4><p>Your information is never shared with anyone other than what is given by consent from you as our customer.<\/p><h4>\u00a0<\/h4><h4>How long we store information about you<\/h4><p>If you leave a comment, the comment and information about the comment will be stored indefinitely. This is so we can recognize follow-up comments and approve them automatically instead of putting them in a queue where they have to be manually approved by an editor.<\/p><p>For users who register on this website (if this option exists), personal data that they provide in their user profile is also stored. All users can view, edit and delete their own personal data at any time (except username). Site administrators can also view and edit this information.<\/p><h4>\u00a0<\/h4><h4>Your rights regarding information we hold about you<\/h4><p>If you have an account on this site or have left comments, you can request an export file containing the personal data we hold about you. This includes all data you have given us. You can also request that we delete all personal data we have about you. This does not include information that we are required to store for administrative, legal or security reasons.<\/p><h4>\u00a0<\/h4><h4>Where we send information about you<\/h4><p>Visitors' comments can be checked through an automatic recognition service against spam comments.<\/p><h4>\u00a0<\/h4><h4>Your contact information<\/h4><p>Email: bengt.hansen@betamo.no<\/p><h4>\u00a0<\/h4><h4>Additional information<\/h4><p>Information requirements from industry legislation.<\/p><p><strong>Contact information for the supervisory authority:<\/strong><\/p><p>E-Mail<br \/>postkasse@datatilsynet.no<\/p><p>Phone:<br \/>(+47) 22 39 69 00<\/p>\t\t\t\t\t\t\t\t<\/div>\n\t\t\t\t<\/div>\n\t\t\t\t\t<\/div>\n\t\t<\/div>\n\t\t\t\t\t<\/div>\n\t\t<\/section>\n\t\t\t\t<\/div>","protected":false},"excerpt":{"rendered":"<p>Personvernerkl\u00e6ring Hvem vi er V\u00e5r nettstedsadresse er: https:\/\/www.betamo.no\/ \u00a0 Kommentarer N\u00e5r bes\u00f8kende legger inn kommentarer p\u00e5 siden, lagres informasjonen gitt inn i kommentarskjemaet i tillegg til IP-adressen til den bes\u00f8kende og den bes\u00f8kendes nettleserversjon. Dette gj\u00f8res for \u00e5 bidra til \u00e5 unng\u00e5 useri\u00f8se kommentarer. En anonym tekststreng generert p\u00e5 grunnlag av e-postadressen din (ogs\u00e5 kalt [&hellip;]<\/p>\n","protected":false},"author":1,"featured_media":0,"parent":0,"menu_order":0,"comment_status":"closed","ping_status":"closed","template":"","meta":{"footnotes":""},"class_list":["post-16","page","type-page","status-publish","hentry"],"yoast_head":"<!-- This site is optimized with the Yoast SEO plugin v27.4 - https:\/\/yoast.com\/product\/yoast-seo-wordpress\/ -->\n<title>Personvernerkl\u00e6ring - Betamo As<\/title>\n<meta name=\"robots\" content=\"index, follow, max-snippet:-1, max-image-preview:large, max-video-preview:-1\" \/>\n<link rel=\"canonical\" href=\"https:\/\/betamo.no\/en\/personvernerklaering\/\" \/>\n<meta property=\"og:locale\" content=\"en_US\" \/>\n<meta property=\"og:type\" content=\"article\" \/>\n<meta property=\"og:title\" content=\"Personvernerkl\u00e6ring - Betamo As\" \/>\n<meta property=\"og:description\" content=\"Personvernerkl\u00e6ring Hvem vi er V\u00e5r nettstedsadresse er: https:\/\/www.betamo.no\/ \u00a0 Kommentarer N\u00e5r bes\u00f8kende legger inn kommentarer p\u00e5 siden, lagres informasjonen gitt inn i kommentarskjemaet i tillegg til IP-adressen til den bes\u00f8kende og den bes\u00f8kendes nettleserversjon. Dette gj\u00f8res for \u00e5 bidra til \u00e5 unng\u00e5 useri\u00f8se kommentarer. En anonym tekststreng generert p\u00e5 grunnlag av e-postadressen din (ogs\u00e5 kalt [&hellip;]\" \/>\n<meta property=\"og:url\" content=\"https:\/\/betamo.no\/en\/personvernerklaering\/\" \/>\n<meta property=\"og:site_name\" content=\"Betamo As\" \/>\n<meta property=\"article:modified_time\" content=\"2022-11-08T13:29:18+00:00\" \/>\n<meta name=\"twitter:card\" content=\"summary_large_image\" \/>\n<meta name=\"twitter:label1\" content=\"Est. reading time\" \/>\n\t<meta name=\"twitter:data1\" content=\"5 minutes\" \/>\n<script type=\"application\/ld+json\" class=\"yoast-schema-graph\">{\"@context\":\"https:\\\/\\\/schema.org\",\"@graph\":[{\"@type\":\"WebPage\",\"@id\":\"https:\\\/\\\/betamo.no\\\/personvernerklaering\\\/\",\"url\":\"https:\\\/\\\/betamo.no\\\/personvernerklaering\\\/\",\"name\":\"Personvernerkl\u00e6ring - Betamo As\",\"isPartOf\":{\"@id\":\"https:\\\/\\\/betamo.no\\\/#website\"},\"datePublished\":\"2022-10-25T11:36:42+00:00\",\"dateModified\":\"2022-11-08T13:29:18+00:00\",\"breadcrumb\":{\"@id\":\"https:\\\/\\\/betamo.no\\\/personvernerklaering\\\/#breadcrumb\"},\"inLanguage\":\"en-US\",\"potentialAction\":[{\"@type\":\"ReadAction\",\"target\":[\"https:\\\/\\\/betamo.no\\\/personvernerklaering\\\/\"]}]},{\"@type\":\"BreadcrumbList\",\"@id\":\"https:\\\/\\\/betamo.no\\\/personvernerklaering\\\/#breadcrumb\",\"itemListElement\":[{\"@type\":\"ListItem\",\"position\":1,\"name\":\"Hjem\",\"item\":\"https:\\\/\\\/betamo.no\\\/\"},{\"@type\":\"ListItem\",\"position\":2,\"name\":\"Personvernerkl\u00e6ring\"}]},{\"@type\":\"WebSite\",\"@id\":\"https:\\\/\\\/betamo.no\\\/#website\",\"url\":\"https:\\\/\\\/betamo.no\\\/\",\"name\":\"Betamo As\",\"description\":\"Din leverand\u00f8r av industriutstyr\",\"publisher\":{\"@id\":\"https:\\\/\\\/betamo.no\\\/#organization\"},\"potentialAction\":[{\"@type\":\"SearchAction\",\"target\":{\"@type\":\"EntryPoint\",\"urlTemplate\":\"https:\\\/\\\/betamo.no\\\/?s={search_term_string}\"},\"query-input\":{\"@type\":\"PropertyValueSpecification\",\"valueRequired\":true,\"valueName\":\"search_term_string\"}}],\"inLanguage\":\"en-US\"},{\"@type\":\"Organization\",\"@id\":\"https:\\\/\\\/betamo.no\\\/#organization\",\"name\":\"Betamo As\",\"url\":\"https:\\\/\\\/betamo.no\\\/\",\"logo\":{\"@type\":\"ImageObject\",\"inLanguage\":\"en-US\",\"@id\":\"https:\\\/\\\/betamo.no\\\/#\\\/schema\\\/logo\\\/image\\\/\",\"url\":\"https:\\\/\\\/betamo.no\\\/wp-content\\\/uploads\\\/2022\\\/10\\\/logo_PNG_1.png\",\"contentUrl\":\"https:\\\/\\\/betamo.no\\\/wp-content\\\/uploads\\\/2022\\\/10\\\/logo_PNG_1.png\",\"width\":856,\"height\":207,\"caption\":\"Betamo As\"},\"image\":{\"@id\":\"https:\\\/\\\/betamo.no\\\/#\\\/schema\\\/logo\\\/image\\\/\"}}]}<\/script>\n<!-- \/ Yoast SEO plugin. -->","yoast_head_json":{"title":"Personvernerkl\u00e6ring - Betamo As","robots":{"index":"index","follow":"follow","max-snippet":"max-snippet:-1","max-image-preview":"max-image-preview:large","max-video-preview":"max-video-preview:-1"},"canonical":"https:\/\/betamo.no\/en\/personvernerklaering\/","og_locale":"en_US","og_type":"article","og_title":"Personvernerkl\u00e6ring - Betamo As","og_description":"Personvernerkl\u00e6ring Hvem vi er V\u00e5r nettstedsadresse er: https:\/\/www.betamo.no\/ \u00a0 Kommentarer N\u00e5r bes\u00f8kende legger inn kommentarer p\u00e5 siden, lagres informasjonen gitt inn i kommentarskjemaet i tillegg til IP-adressen til den bes\u00f8kende og den bes\u00f8kendes nettleserversjon. Dette gj\u00f8res for \u00e5 bidra til \u00e5 unng\u00e5 useri\u00f8se kommentarer. En anonym tekststreng generert p\u00e5 grunnlag av e-postadressen din (ogs\u00e5 kalt [&hellip;]","og_url":"https:\/\/betamo.no\/en\/personvernerklaering\/","og_site_name":"Betamo As","article_modified_time":"2022-11-08T13:29:18+00:00","twitter_card":"summary_large_image","twitter_misc":{"Est. reading time":"5 minutes"},"schema":{"@context":"https:\/\/schema.org","@graph":[{"@type":"WebPage","@id":"https:\/\/betamo.no\/personvernerklaering\/","url":"https:\/\/betamo.no\/personvernerklaering\/","name":"Personvernerkl\u00e6ring - Betamo As","isPartOf":{"@id":"https:\/\/betamo.no\/#website"},"datePublished":"2022-10-25T11:36:42+00:00","dateModified":"2022-11-08T13:29:18+00:00","breadcrumb":{"@id":"https:\/\/betamo.no\/personvernerklaering\/#breadcrumb"},"inLanguage":"en-US","potentialAction":[{"@type":"ReadAction","target":["https:\/\/betamo.no\/personvernerklaering\/"]}]},{"@type":"BreadcrumbList","@id":"https:\/\/betamo.no\/personvernerklaering\/#breadcrumb","itemListElement":[{"@type":"ListItem","position":1,"name":"Hjem","item":"https:\/\/betamo.no\/"},{"@type":"ListItem","position":2,"name":"Personvernerkl\u00e6ring"}]},{"@type":"WebSite","@id":"https:\/\/betamo.no\/#website","url":"https:\/\/betamo.no\/","name":"Betamo As","description":"Din leverand\u00f8r av industriutstyr","publisher":{"@id":"https:\/\/betamo.no\/#organization"},"potentialAction":[{"@type":"SearchAction","target":{"@type":"EntryPoint","urlTemplate":"https:\/\/betamo.no\/?s={search_term_string}"},"query-input":{"@type":"PropertyValueSpecification","valueRequired":true,"valueName":"search_term_string"}}],"inLanguage":"en-US"},{"@type":"Organization","@id":"https:\/\/betamo.no\/#organization","name":"Betamo As","url":"https:\/\/betamo.no\/","logo":{"@type":"ImageObject","inLanguage":"en-US","@id":"https:\/\/betamo.no\/#\/schema\/logo\/image\/","url":"https:\/\/betamo.no\/wp-content\/uploads\/2022\/10\/logo_PNG_1.png","contentUrl":"https:\/\/betamo.no\/wp-content\/uploads\/2022\/10\/logo_PNG_1.png","width":856,"height":207,"caption":"Betamo As"},"image":{"@id":"https:\/\/betamo.no\/#\/schema\/logo\/image\/"}}]}},"_links":{"self":[{"href":"https:\/\/betamo.no\/en\/wp-json\/wp\/v2\/pages\/16","targetHints":{"allow":["GET"]}}],"collection":[{"href":"https:\/\/betamo.no\/en\/wp-json\/wp\/v2\/pages"}],"about":[{"href":"https:\/\/betamo.no\/en\/wp-json\/wp\/v2\/types\/page"}],"author":[{"embeddable":true,"href":"https:\/\/betamo.no\/en\/wp-json\/wp\/v2\/users\/1"}],"replies":[{"embeddable":true,"href":"https:\/\/betamo.no\/en\/wp-json\/wp\/v2\/comments?post=16"}],"version-history":[{"count":0,"href":"https:\/\/betamo.no\/en\/wp-json\/wp\/v2\/pages\/16\/revisions"}],"wp:attachment":[{"href":"https:\/\/betamo.no\/en\/wp-json\/wp\/v2\/media?parent=16"}],"curies":[{"name":"wp","href":"https:\/\/api.w.org\/{rel}","templated":true}]}}