{"id":1746,"date":"2022-11-07T14:18:44","date_gmt":"2022-11-07T13:18:44","guid":{"rendered":"https:\/\/betamo.no\/?page_id=1746"},"modified":"2025-03-05T15:55:16","modified_gmt":"2025-03-05T14:55:16","slug":"clutcher-og-bremser","status":"publish","type":"page","link":"https:\/\/betamo.no\/en\/clutcher-og-bremser\/","title":{"rendered":"Clutches and brakes"},"content":{"rendered":"<div data-elementor-type=\"wp-page\" data-elementor-id=\"1746\" class=\"elementor elementor-1746\" data-elementor-settings=\"{&quot;element_pack_global_tooltip_width&quot;:{&quot;unit&quot;:&quot;px&quot;,&quot;size&quot;:&quot;&quot;,&quot;sizes&quot;:[]},&quot;element_pack_global_tooltip_width_tablet_extra&quot;:{&quot;unit&quot;:&quot;px&quot;,&quot;size&quot;:&quot;&quot;,&quot;sizes&quot;:[]},&quot;element_pack_global_tooltip_width_tablet&quot;:{&quot;unit&quot;:&quot;px&quot;,&quot;size&quot;:&quot;&quot;,&quot;sizes&quot;:[]},&quot;element_pack_global_tooltip_width_mobile&quot;:{&quot;unit&quot;:&quot;px&quot;,&quot;size&quot;:&quot;&quot;,&quot;sizes&quot;:[]},&quot;element_pack_global_tooltip_padding&quot;:{&quot;unit&quot;:&quot;px&quot;,&quot;top&quot;:&quot;&quot;,&quot;right&quot;:&quot;&quot;,&quot;bottom&quot;:&quot;&quot;,&quot;left&quot;:&quot;&quot;,&quot;isLinked&quot;:true},&quot;element_pack_global_tooltip_padding_tablet_extra&quot;:{&quot;unit&quot;:&quot;px&quot;,&quot;top&quot;:&quot;&quot;,&quot;right&quot;:&quot;&quot;,&quot;bottom&quot;:&quot;&quot;,&quot;left&quot;:&quot;&quot;,&quot;isLinked&quot;:true},&quot;element_pack_global_tooltip_padding_tablet&quot;:{&quot;unit&quot;:&quot;px&quot;,&quot;top&quot;:&quot;&quot;,&quot;right&quot;:&quot;&quot;,&quot;bottom&quot;:&quot;&quot;,&quot;left&quot;:&quot;&quot;,&quot;isLinked&quot;:true},&quot;element_pack_global_tooltip_padding_mobile&quot;:{&quot;unit&quot;:&quot;px&quot;,&quot;top&quot;:&quot;&quot;,&quot;right&quot;:&quot;&quot;,&quot;bottom&quot;:&quot;&quot;,&quot;left&quot;:&quot;&quot;,&quot;isLinked&quot;:true},&quot;element_pack_global_tooltip_border_radius&quot;:{&quot;unit&quot;:&quot;px&quot;,&quot;top&quot;:&quot;&quot;,&quot;right&quot;:&quot;&quot;,&quot;bottom&quot;:&quot;&quot;,&quot;left&quot;:&quot;&quot;,&quot;isLinked&quot;:true},&quot;element_pack_global_tooltip_border_radius_tablet_extra&quot;:{&quot;unit&quot;:&quot;px&quot;,&quot;top&quot;:&quot;&quot;,&quot;right&quot;:&quot;&quot;,&quot;bottom&quot;:&quot;&quot;,&quot;left&quot;:&quot;&quot;,&quot;isLinked&quot;:true},&quot;element_pack_global_tooltip_border_radius_tablet&quot;:{&quot;unit&quot;:&quot;px&quot;,&quot;top&quot;:&quot;&quot;,&quot;right&quot;:&quot;&quot;,&quot;bottom&quot;:&quot;&quot;,&quot;left&quot;:&quot;&quot;,&quot;isLinked&quot;:true},&quot;element_pack_global_tooltip_border_radius_mobile&quot;:{&quot;unit&quot;:&quot;px&quot;,&quot;top&quot;:&quot;&quot;,&quot;right&quot;:&quot;&quot;,&quot;bottom&quot;:&quot;&quot;,&quot;left&quot;:&quot;&quot;,&quot;isLinked&quot;:true}}\" data-elementor-post-type=\"page\">\n\t\t\t\t\t\t<section class=\"elementor-section elementor-top-section elementor-element elementor-element-b09079d elementor-section-height-min-height elementor-section-boxed elementor-section-height-default elementor-section-items-middle\" data-id=\"b09079d\" data-element_type=\"section\" data-e-type=\"section\" data-settings=\"{&quot;background_background&quot;:&quot;classic&quot;}\">\n\t\t\t\t\t\t\t<div class=\"elementor-background-overlay\"><\/div>\n\t\t\t\t\t\t\t<div class=\"elementor-container elementor-column-gap-default\">\n\t\t\t\t\t<div class=\"elementor-column elementor-col-100 elementor-top-column elementor-element elementor-element-16f3385\" data-id=\"16f3385\" data-element_type=\"column\" data-e-type=\"column\">\n\t\t\t<div class=\"elementor-widget-wrap elementor-element-populated\">\n\t\t\t\t\t\t<div class=\"elementor-element elementor-element-7d5d1fb elementor-widget elementor-widget-text-editor\" data-id=\"7d5d1fb\" data-element_type=\"widget\" data-e-type=\"widget\" data-widget_type=\"text-editor.default\">\n\t\t\t\t<div class=\"elementor-widget-container\">\n\t\t\t\t\t\t\t\t\t<p>Betamo AS<\/p>\t\t\t\t\t\t\t\t<\/div>\n\t\t\t\t<\/div>\n\t\t\t\t<div class=\"elementor-element elementor-element-69d0c40 elementor-widget elementor-widget-heading\" data-id=\"69d0c40\" data-element_type=\"widget\" data-e-type=\"widget\" data-widget_type=\"heading.default\">\n\t\t\t\t<div class=\"elementor-widget-container\">\n\t\t\t\t\t<h1 class=\"elementor-heading-title elementor-size-default\">Clutches and brakes<\/h1>\t\t\t\t<\/div>\n\t\t\t\t<\/div>\n\t\t\t\t\t<\/div>\n\t\t<\/div>\n\t\t\t\t\t<\/div>\n\t\t<\/section>\n\t\t\t\t<section class=\"elementor-section elementor-top-section elementor-element elementor-element-7e7b97e elementor-section-boxed elementor-section-height-default elementor-section-height-default\" data-id=\"7e7b97e\" data-element_type=\"section\" data-e-type=\"section\" data-settings=\"{&quot;background_background&quot;:&quot;classic&quot;}\">\n\t\t\t\t\t\t<div class=\"elementor-container elementor-column-gap-default\">\n\t\t\t\t\t<div class=\"elementor-column elementor-col-100 elementor-top-column elementor-element elementor-element-266d094\" data-id=\"266d094\" data-element_type=\"column\" data-e-type=\"column\">\n\t\t\t<div class=\"elementor-widget-wrap elementor-element-populated\">\n\t\t\t\t\t\t<section class=\"elementor-section elementor-inner-section elementor-element elementor-element-2696baa elementor-section-boxed elementor-section-height-default elementor-section-height-default\" data-id=\"2696baa\" data-element_type=\"section\" data-e-type=\"section\">\n\t\t\t\t\t\t<div class=\"elementor-container elementor-column-gap-default\">\n\t\t\t\t\t<div class=\"elementor-column elementor-col-50 elementor-inner-column elementor-element elementor-element-f14432a\" data-id=\"f14432a\" data-element_type=\"column\" data-e-type=\"column\" data-settings=\"{&quot;background_background&quot;:&quot;classic&quot;}\">\n\t\t\t<div class=\"elementor-widget-wrap elementor-element-populated\">\n\t\t\t\t\t\t<div class=\"elementor-element elementor-element-2c8cb7f elementor-skin-carousel elementor-widget elementor-widget-media-carousel\" data-id=\"2c8cb7f\" data-element_type=\"widget\" data-e-type=\"widget\" data-settings=\"{&quot;skin&quot;:&quot;carousel&quot;,&quot;effect&quot;:&quot;slide&quot;,&quot;speed&quot;:500,&quot;space_between&quot;:{&quot;unit&quot;:&quot;px&quot;,&quot;size&quot;:10,&quot;sizes&quot;:[]},&quot;space_between_tablet_extra&quot;:{&quot;unit&quot;:&quot;px&quot;,&quot;size&quot;:10,&quot;sizes&quot;:[]},&quot;space_between_tablet&quot;:{&quot;unit&quot;:&quot;px&quot;,&quot;size&quot;:10,&quot;sizes&quot;:[]},&quot;space_between_mobile&quot;:{&quot;unit&quot;:&quot;px&quot;,&quot;size&quot;:10,&quot;sizes&quot;:[]}}\" data-widget_type=\"media-carousel.default\">\n\t\t\t\t<div class=\"elementor-widget-container\">\n\t\t\t\t\t\t\t\t\t<div class=\"elementor-swiper\">\n\t\t\t\t\t<div class=\"elementor-main-swiper swiper\" role=\"region\" aria-roledescription=\"carousel\" aria-label=\"Slides\">\n\t\t\t\t<div class=\"swiper-wrapper\">\n\t\t\t\t\t\t\t\t\t\t\t<div class=\"swiper-slide\" role=\"group\" aria-roledescription=\"slide\">\n\t\t\t\t\t\t\t\t\t<div class=\"elementor-carousel-image\" role=\"img\" aria-label=\"papir\" style=\"background-image: url(&#039;https:\/\/betamo.no\/wp-content\/uploads\/2022\/11\/papir.jpg&#039;)\">\n\n\t\t\t\n\t\t\t\t\t<\/div>\n\t\t\t\t\t\t\t\t<\/div>\n\t\t\t\t\t\t\t\t\t<\/div>\n\t\t\t\t\t\t\t<\/div>\n\t\t\t\t<\/div>\n\t\t\t\t\t\t\t\t<\/div>\n\t\t\t\t<\/div>\n\t\t\t\t\t<\/div>\n\t\t<\/div>\n\t\t\t\t<div class=\"elementor-column elementor-col-50 elementor-inner-column elementor-element elementor-element-7fca414\" data-id=\"7fca414\" data-element_type=\"column\" data-e-type=\"column\" data-settings=\"{&quot;background_background&quot;:&quot;classic&quot;}\">\n\t\t\t<div class=\"elementor-widget-wrap elementor-element-populated\">\n\t\t\t\t\t\t<div class=\"elementor-element elementor-element-6c4d2a7 elementor-widget elementor-widget-heading\" data-id=\"6c4d2a7\" data-element_type=\"widget\" data-e-type=\"widget\" data-widget_type=\"heading.default\">\n\t\t\t\t<div class=\"elementor-widget-container\">\n\t\t\t\t\t<h3 class=\"elementor-heading-title elementor-size-default\">Clutches and brakes<\/h3>\t\t\t\t<\/div>\n\t\t\t\t<\/div>\n\t\t\t\t<div class=\"elementor-element elementor-element-53ef608 elementor-widget elementor-widget-text-editor\" data-id=\"53ef608\" data-element_type=\"widget\" data-e-type=\"widget\" data-widget_type=\"text-editor.default\">\n\t\t\t\t<div class=\"elementor-widget-container\">\n\t\t\t\t\t\t\t\t\t<p>Clutches and brakes are used to start, stop and hold loads. We only carry clutches and brakes of high quality from internationally recognized manufacturers for industrial applications like Warner Electric and Wichita\/Twiflex<\/p><p>Because of our network of partners, we have access to electromagnetic, hydraulic and pneumatic clutches and brakes.. Our business partners\u2019 extensive experience in offshore as well as industrial, marine and mobile equipment, ensures that you, as our customer, receive high-quality parts<\/p><p>Regarding certifications, our deliveries can be certified within most standards. Our deliveries are certified for most applications. Contact us today if you have any questions regarding certifications. We will be happy to answer your questions!<\/p>\t\t\t\t\t\t\t\t<\/div>\n\t\t\t\t<\/div>\n\t\t\t\t\t<\/div>\n\t\t<\/div>\n\t\t\t\t\t<\/div>\n\t\t<\/section>\n\t\t\t\t\t<\/div>\n\t\t<\/div>\n\t\t\t\t\t<\/div>\n\t\t<\/section>\n\t\t\t\t<section class=\"elementor-section elementor-top-section elementor-element elementor-element-800c732 elementor-section-boxed elementor-section-height-default elementor-section-height-default\" data-id=\"800c732\" data-element_type=\"section\" data-e-type=\"section\" data-settings=\"{&quot;background_background&quot;:&quot;classic&quot;,&quot;shape_divider_top&quot;:&quot;arrow&quot;}\">\n\t\t\t\t\t\t\t<div class=\"elementor-background-overlay\"><\/div>\n\t\t\t\t\t\t<div class=\"elementor-shape elementor-shape-top\" aria-hidden=\"true\" data-negative=\"false\">\n\t\t\t<svg xmlns=\"http:\/\/www.w3.org\/2000\/svg\" viewbox=\"0 0 700 10\" preserveaspectratio=\"none\">\n\t<path class=\"elementor-shape-fill\" d=\"M350,10L340,0h20L350,10z\"\/>\n<\/svg>\t\t<\/div>\n\t\t\t\t\t<div class=\"elementor-container elementor-column-gap-default\">\n\t\t\t\t\t<div class=\"elementor-column elementor-col-100 elementor-top-column elementor-element elementor-element-e9ef165\" data-id=\"e9ef165\" data-element_type=\"column\" data-e-type=\"column\">\n\t\t\t<div class=\"elementor-widget-wrap elementor-element-populated\">\n\t\t\t\t\t\t<div class=\"elementor-element elementor-element-a1de839 elementor-widget elementor-widget-heading\" data-id=\"a1de839\" data-element_type=\"widget\" data-e-type=\"widget\" data-widget_type=\"heading.default\">\n\t\t\t\t<div class=\"elementor-widget-container\">\n\t\t\t\t\t<h4 class=\"elementor-heading-title elementor-size-default\">Betamo AS<\/h4>\t\t\t\t<\/div>\n\t\t\t\t<\/div>\n\t\t\t\t<div class=\"elementor-element elementor-element-2b92cac elementor-widget elementor-widget-heading\" data-id=\"2b92cac\" data-element_type=\"widget\" data-e-type=\"widget\" data-widget_type=\"heading.default\">\n\t\t\t\t<div class=\"elementor-widget-container\">\n\t\t\t\t\t<h2 class=\"elementor-heading-title elementor-size-default\">Contact us today <\/h2>\t\t\t\t<\/div>\n\t\t\t\t<\/div>\n\t\t\t\t<div class=\"elementor-element elementor-element-ec0ae2c elementor-align-center elementor-mobile-align-center elementor-tablet-align-center elementor-widget elementor-widget-button\" data-id=\"ec0ae2c\" data-element_type=\"widget\" data-e-type=\"widget\" data-widget_type=\"button.default\">\n\t\t\t\t<div class=\"elementor-widget-container\">\n\t\t\t\t\t\t\t\t\t<div class=\"elementor-button-wrapper\">\n\t\t\t\t\t<a class=\"elementor-button elementor-button-link elementor-size-sm\" href=\"https:\/\/betamo.no\/en\/kontakt-oss\/\">\n\t\t\t\t\t\t<span class=\"elementor-button-content-wrapper\">\n\t\t\t\t\t\t\t\t\t<span class=\"elementor-button-text\">Contact<\/span>\n\t\t\t\t\t<\/span>\n\t\t\t\t\t<\/a>\n\t\t\t\t<\/div>\n\t\t\t\t\t\t\t\t<\/div>\n\t\t\t\t<\/div>\n\t\t\t\t\t<\/div>\n\t\t<\/div>\n\t\t\t\t\t<\/div>\n\t\t<\/section>\n\t\t\t\t<\/div>","protected":false},"excerpt":{"rendered":"<p>Betamo AS Clutcher og bremser Clutcher og bremser Klutsjer og bremser brukes til \u00e5 starte, stoppe og holde last. Vi f\u00f8rer kun klutsjer og bremser av h\u00f8y kvalitet fra internasjonalt anerkjente produsenter for industrielle applikasjoner \u2013 Warner Electric og Wichita \/ Twiflex. Med v\u00e5rt nettverk har vi tilgang p\u00e5 elektromagnetiske, hydrauliske og pneumatiske clutcher og [&hellip;]<\/p>\n","protected":false},"author":1,"featured_media":0,"parent":0,"menu_order":0,"comment_status":"closed","ping_status":"closed","template":"","meta":{"footnotes":""},"class_list":["post-1746","page","type-page","status-publish","hentry"],"yoast_head":"<!-- This site is optimized with the Yoast SEO plugin v27.3 - https:\/\/yoast.com\/product\/yoast-seo-wordpress\/ -->\n<title>Clutcher og bremser - Betamo As<\/title>\n<meta name=\"robots\" content=\"index, follow, max-snippet:-1, max-image-preview:large, max-video-preview:-1\" \/>\n<link rel=\"canonical\" href=\"https:\/\/betamo.no\/en\/clutcher-og-bremser\/\" \/>\n<meta property=\"og:locale\" content=\"en_US\" \/>\n<meta property=\"og:type\" content=\"article\" \/>\n<meta property=\"og:title\" content=\"Clutcher og bremser - Betamo As\" \/>\n<meta property=\"og:description\" content=\"Betamo AS Clutcher og bremser Clutcher og bremser Klutsjer og bremser brukes til \u00e5 starte, stoppe og holde last. Vi f\u00f8rer kun klutsjer og bremser av h\u00f8y kvalitet fra internasjonalt anerkjente produsenter for industrielle applikasjoner \u2013 Warner Electric og Wichita \/ Twiflex. Med v\u00e5rt nettverk har vi tilgang p\u00e5 elektromagnetiske, hydrauliske og pneumatiske clutcher og [&hellip;]\" \/>\n<meta property=\"og:url\" content=\"https:\/\/betamo.no\/en\/clutcher-og-bremser\/\" \/>\n<meta property=\"og:site_name\" content=\"Betamo As\" \/>\n<meta property=\"article:modified_time\" content=\"2025-03-05T14:55:16+00:00\" \/>\n<meta name=\"twitter:card\" content=\"summary_large_image\" \/>\n<meta name=\"twitter:label1\" content=\"Est. reading time\" \/>\n\t<meta name=\"twitter:data1\" content=\"1 minute\" \/>\n<script type=\"application\/ld+json\" class=\"yoast-schema-graph\">{\"@context\":\"https:\\\/\\\/schema.org\",\"@graph\":[{\"@type\":\"WebPage\",\"@id\":\"https:\\\/\\\/betamo.no\\\/clutcher-og-bremser\\\/\",\"url\":\"https:\\\/\\\/betamo.no\\\/clutcher-og-bremser\\\/\",\"name\":\"Clutcher og bremser - Betamo As\",\"isPartOf\":{\"@id\":\"https:\\\/\\\/betamo.no\\\/#website\"},\"datePublished\":\"2022-11-07T13:18:44+00:00\",\"dateModified\":\"2025-03-05T14:55:16+00:00\",\"breadcrumb\":{\"@id\":\"https:\\\/\\\/betamo.no\\\/clutcher-og-bremser\\\/#breadcrumb\"},\"inLanguage\":\"en-US\",\"potentialAction\":[{\"@type\":\"ReadAction\",\"target\":[\"https:\\\/\\\/betamo.no\\\/clutcher-og-bremser\\\/\"]}]},{\"@type\":\"BreadcrumbList\",\"@id\":\"https:\\\/\\\/betamo.no\\\/clutcher-og-bremser\\\/#breadcrumb\",\"itemListElement\":[{\"@type\":\"ListItem\",\"position\":1,\"name\":\"Hjem\",\"item\":\"https:\\\/\\\/betamo.no\\\/\"},{\"@type\":\"ListItem\",\"position\":2,\"name\":\"Clutcher og bremser\"}]},{\"@type\":\"WebSite\",\"@id\":\"https:\\\/\\\/betamo.no\\\/#website\",\"url\":\"https:\\\/\\\/betamo.no\\\/\",\"name\":\"Betamo As\",\"description\":\"Din leverand\u00f8r av industriutstyr\",\"publisher\":{\"@id\":\"https:\\\/\\\/betamo.no\\\/#organization\"},\"potentialAction\":[{\"@type\":\"SearchAction\",\"target\":{\"@type\":\"EntryPoint\",\"urlTemplate\":\"https:\\\/\\\/betamo.no\\\/?s={search_term_string}\"},\"query-input\":{\"@type\":\"PropertyValueSpecification\",\"valueRequired\":true,\"valueName\":\"search_term_string\"}}],\"inLanguage\":\"en-US\"},{\"@type\":\"Organization\",\"@id\":\"https:\\\/\\\/betamo.no\\\/#organization\",\"name\":\"Betamo As\",\"url\":\"https:\\\/\\\/betamo.no\\\/\",\"logo\":{\"@type\":\"ImageObject\",\"inLanguage\":\"en-US\",\"@id\":\"https:\\\/\\\/betamo.no\\\/#\\\/schema\\\/logo\\\/image\\\/\",\"url\":\"https:\\\/\\\/betamo.no\\\/wp-content\\\/uploads\\\/2022\\\/10\\\/logo_PNG_1.png\",\"contentUrl\":\"https:\\\/\\\/betamo.no\\\/wp-content\\\/uploads\\\/2022\\\/10\\\/logo_PNG_1.png\",\"width\":856,\"height\":207,\"caption\":\"Betamo As\"},\"image\":{\"@id\":\"https:\\\/\\\/betamo.no\\\/#\\\/schema\\\/logo\\\/image\\\/\"}}]}<\/script>\n<!-- \/ Yoast SEO plugin. -->","yoast_head_json":{"title":"Clutcher og bremser - Betamo As","robots":{"index":"index","follow":"follow","max-snippet":"max-snippet:-1","max-image-preview":"max-image-preview:large","max-video-preview":"max-video-preview:-1"},"canonical":"https:\/\/betamo.no\/en\/clutcher-og-bremser\/","og_locale":"en_US","og_type":"article","og_title":"Clutcher og bremser - Betamo As","og_description":"Betamo AS Clutcher og bremser Clutcher og bremser Klutsjer og bremser brukes til \u00e5 starte, stoppe og holde last. Vi f\u00f8rer kun klutsjer og bremser av h\u00f8y kvalitet fra internasjonalt anerkjente produsenter for industrielle applikasjoner \u2013 Warner Electric og Wichita \/ Twiflex. Med v\u00e5rt nettverk har vi tilgang p\u00e5 elektromagnetiske, hydrauliske og pneumatiske clutcher og [&hellip;]","og_url":"https:\/\/betamo.no\/en\/clutcher-og-bremser\/","og_site_name":"Betamo As","article_modified_time":"2025-03-05T14:55:16+00:00","twitter_card":"summary_large_image","twitter_misc":{"Est. reading time":"1 minute"},"schema":{"@context":"https:\/\/schema.org","@graph":[{"@type":"WebPage","@id":"https:\/\/betamo.no\/clutcher-og-bremser\/","url":"https:\/\/betamo.no\/clutcher-og-bremser\/","name":"Clutcher og bremser - Betamo As","isPartOf":{"@id":"https:\/\/betamo.no\/#website"},"datePublished":"2022-11-07T13:18:44+00:00","dateModified":"2025-03-05T14:55:16+00:00","breadcrumb":{"@id":"https:\/\/betamo.no\/clutcher-og-bremser\/#breadcrumb"},"inLanguage":"en-US","potentialAction":[{"@type":"ReadAction","target":["https:\/\/betamo.no\/clutcher-og-bremser\/"]}]},{"@type":"BreadcrumbList","@id":"https:\/\/betamo.no\/clutcher-og-bremser\/#breadcrumb","itemListElement":[{"@type":"ListItem","position":1,"name":"Hjem","item":"https:\/\/betamo.no\/"},{"@type":"ListItem","position":2,"name":"Clutcher og bremser"}]},{"@type":"WebSite","@id":"https:\/\/betamo.no\/#website","url":"https:\/\/betamo.no\/","name":"Betamo As","description":"Din leverand\u00f8r av industriutstyr","publisher":{"@id":"https:\/\/betamo.no\/#organization"},"potentialAction":[{"@type":"SearchAction","target":{"@type":"EntryPoint","urlTemplate":"https:\/\/betamo.no\/?s={search_term_string}"},"query-input":{"@type":"PropertyValueSpecification","valueRequired":true,"valueName":"search_term_string"}}],"inLanguage":"en-US"},{"@type":"Organization","@id":"https:\/\/betamo.no\/#organization","name":"Betamo As","url":"https:\/\/betamo.no\/","logo":{"@type":"ImageObject","inLanguage":"en-US","@id":"https:\/\/betamo.no\/#\/schema\/logo\/image\/","url":"https:\/\/betamo.no\/wp-content\/uploads\/2022\/10\/logo_PNG_1.png","contentUrl":"https:\/\/betamo.no\/wp-content\/uploads\/2022\/10\/logo_PNG_1.png","width":856,"height":207,"caption":"Betamo As"},"image":{"@id":"https:\/\/betamo.no\/#\/schema\/logo\/image\/"}}]}},"_links":{"self":[{"href":"https:\/\/betamo.no\/en\/wp-json\/wp\/v2\/pages\/1746","targetHints":{"allow":["GET"]}}],"collection":[{"href":"https:\/\/betamo.no\/en\/wp-json\/wp\/v2\/pages"}],"about":[{"href":"https:\/\/betamo.no\/en\/wp-json\/wp\/v2\/types\/page"}],"author":[{"embeddable":true,"href":"https:\/\/betamo.no\/en\/wp-json\/wp\/v2\/users\/1"}],"replies":[{"embeddable":true,"href":"https:\/\/betamo.no\/en\/wp-json\/wp\/v2\/comments?post=1746"}],"version-history":[{"count":3,"href":"https:\/\/betamo.no\/en\/wp-json\/wp\/v2\/pages\/1746\/revisions"}],"predecessor-version":[{"id":2277,"href":"https:\/\/betamo.no\/en\/wp-json\/wp\/v2\/pages\/1746\/revisions\/2277"}],"wp:attachment":[{"href":"https:\/\/betamo.no\/en\/wp-json\/wp\/v2\/media?parent=1746"}],"curies":[{"name":"wp","href":"https:\/\/api.w.org\/{rel}","templated":true}]}}