{"id":1748,"date":"2022-11-07T14:18:55","date_gmt":"2022-11-07T13:18:55","guid":{"rendered":"https:\/\/betamo.no\/?page_id=1748"},"modified":"2025-03-05T15:56:25","modified_gmt":"2025-03-05T14:56:25","slug":"bater","status":"publish","type":"page","link":"https:\/\/betamo.no\/en\/bater\/","title":{"rendered":"Boats"},"content":{"rendered":"<div data-elementor-type=\"wp-page\" data-elementor-id=\"1748\" class=\"elementor elementor-1748\" data-elementor-settings=\"{&quot;element_pack_global_tooltip_width&quot;:{&quot;unit&quot;:&quot;px&quot;,&quot;size&quot;:&quot;&quot;,&quot;sizes&quot;:[]},&quot;element_pack_global_tooltip_width_tablet_extra&quot;:{&quot;unit&quot;:&quot;px&quot;,&quot;size&quot;:&quot;&quot;,&quot;sizes&quot;:[]},&quot;element_pack_global_tooltip_width_tablet&quot;:{&quot;unit&quot;:&quot;px&quot;,&quot;size&quot;:&quot;&quot;,&quot;sizes&quot;:[]},&quot;element_pack_global_tooltip_width_mobile&quot;:{&quot;unit&quot;:&quot;px&quot;,&quot;size&quot;:&quot;&quot;,&quot;sizes&quot;:[]},&quot;element_pack_global_tooltip_padding&quot;:{&quot;unit&quot;:&quot;px&quot;,&quot;top&quot;:&quot;&quot;,&quot;right&quot;:&quot;&quot;,&quot;bottom&quot;:&quot;&quot;,&quot;left&quot;:&quot;&quot;,&quot;isLinked&quot;:true},&quot;element_pack_global_tooltip_padding_tablet_extra&quot;:{&quot;unit&quot;:&quot;px&quot;,&quot;top&quot;:&quot;&quot;,&quot;right&quot;:&quot;&quot;,&quot;bottom&quot;:&quot;&quot;,&quot;left&quot;:&quot;&quot;,&quot;isLinked&quot;:true},&quot;element_pack_global_tooltip_padding_tablet&quot;:{&quot;unit&quot;:&quot;px&quot;,&quot;top&quot;:&quot;&quot;,&quot;right&quot;:&quot;&quot;,&quot;bottom&quot;:&quot;&quot;,&quot;left&quot;:&quot;&quot;,&quot;isLinked&quot;:true},&quot;element_pack_global_tooltip_padding_mobile&quot;:{&quot;unit&quot;:&quot;px&quot;,&quot;top&quot;:&quot;&quot;,&quot;right&quot;:&quot;&quot;,&quot;bottom&quot;:&quot;&quot;,&quot;left&quot;:&quot;&quot;,&quot;isLinked&quot;:true},&quot;element_pack_global_tooltip_border_radius&quot;:{&quot;unit&quot;:&quot;px&quot;,&quot;top&quot;:&quot;&quot;,&quot;right&quot;:&quot;&quot;,&quot;bottom&quot;:&quot;&quot;,&quot;left&quot;:&quot;&quot;,&quot;isLinked&quot;:true},&quot;element_pack_global_tooltip_border_radius_tablet_extra&quot;:{&quot;unit&quot;:&quot;px&quot;,&quot;top&quot;:&quot;&quot;,&quot;right&quot;:&quot;&quot;,&quot;bottom&quot;:&quot;&quot;,&quot;left&quot;:&quot;&quot;,&quot;isLinked&quot;:true},&quot;element_pack_global_tooltip_border_radius_tablet&quot;:{&quot;unit&quot;:&quot;px&quot;,&quot;top&quot;:&quot;&quot;,&quot;right&quot;:&quot;&quot;,&quot;bottom&quot;:&quot;&quot;,&quot;left&quot;:&quot;&quot;,&quot;isLinked&quot;:true},&quot;element_pack_global_tooltip_border_radius_mobile&quot;:{&quot;unit&quot;:&quot;px&quot;,&quot;top&quot;:&quot;&quot;,&quot;right&quot;:&quot;&quot;,&quot;bottom&quot;:&quot;&quot;,&quot;left&quot;:&quot;&quot;,&quot;isLinked&quot;:true}}\" data-elementor-post-type=\"page\">\n\t\t\t\t\t\t<section class=\"elementor-section elementor-top-section elementor-element elementor-element-e40427b elementor-section-height-min-height elementor-section-boxed elementor-section-height-default elementor-section-items-middle\" data-id=\"e40427b\" data-element_type=\"section\" data-e-type=\"section\" data-settings=\"{&quot;background_background&quot;:&quot;classic&quot;}\">\n\t\t\t\t\t\t\t<div class=\"elementor-background-overlay\"><\/div>\n\t\t\t\t\t\t\t<div class=\"elementor-container elementor-column-gap-default\">\n\t\t\t\t\t<div class=\"elementor-column elementor-col-100 elementor-top-column elementor-element elementor-element-1f06421\" data-id=\"1f06421\" data-element_type=\"column\" data-e-type=\"column\">\n\t\t\t<div class=\"elementor-widget-wrap elementor-element-populated\">\n\t\t\t\t\t\t<div class=\"elementor-element elementor-element-c9c1b26 elementor-widget elementor-widget-text-editor\" data-id=\"c9c1b26\" data-element_type=\"widget\" data-e-type=\"widget\" data-widget_type=\"text-editor.default\">\n\t\t\t\t<div class=\"elementor-widget-container\">\n\t\t\t\t\t\t\t\t\t<p>Betamo AS<\/p>\t\t\t\t\t\t\t\t<\/div>\n\t\t\t\t<\/div>\n\t\t\t\t<div class=\"elementor-element elementor-element-970e768 elementor-widget elementor-widget-heading\" data-id=\"970e768\" data-element_type=\"widget\" data-e-type=\"widget\" data-widget_type=\"heading.default\">\n\t\t\t\t<div class=\"elementor-widget-container\">\n\t\t\t\t\t<h1 class=\"elementor-heading-title elementor-size-default\">Boats<\/h1>\t\t\t\t<\/div>\n\t\t\t\t<\/div>\n\t\t\t\t\t<\/div>\n\t\t<\/div>\n\t\t\t\t\t<\/div>\n\t\t<\/section>\n\t\t\t\t<section class=\"elementor-section elementor-top-section elementor-element elementor-element-38f7f37 elementor-section-boxed elementor-section-height-default elementor-section-height-default\" data-id=\"38f7f37\" data-element_type=\"section\" data-e-type=\"section\" data-settings=\"{&quot;background_background&quot;:&quot;classic&quot;}\">\n\t\t\t\t\t\t<div class=\"elementor-container elementor-column-gap-default\">\n\t\t\t\t\t<div class=\"elementor-column elementor-col-100 elementor-top-column elementor-element elementor-element-382cf01\" data-id=\"382cf01\" data-element_type=\"column\" data-e-type=\"column\">\n\t\t\t<div class=\"elementor-widget-wrap elementor-element-populated\">\n\t\t\t\t\t\t<section class=\"elementor-section elementor-inner-section elementor-element elementor-element-7d3d2cf elementor-section-boxed elementor-section-height-default elementor-section-height-default\" data-id=\"7d3d2cf\" data-element_type=\"section\" data-e-type=\"section\">\n\t\t\t\t\t\t<div class=\"elementor-container elementor-column-gap-default\">\n\t\t\t\t\t<div class=\"elementor-column elementor-col-50 elementor-inner-column elementor-element elementor-element-45d9c60\" data-id=\"45d9c60\" data-element_type=\"column\" data-e-type=\"column\" data-settings=\"{&quot;background_background&quot;:&quot;classic&quot;}\">\n\t\t\t<div class=\"elementor-widget-wrap elementor-element-populated\">\n\t\t\t\t\t\t<div class=\"elementor-element elementor-element-98d1734 elementor-skin-carousel elementor-widget elementor-widget-media-carousel\" data-id=\"98d1734\" data-element_type=\"widget\" data-e-type=\"widget\" data-settings=\"{&quot;skin&quot;:&quot;carousel&quot;,&quot;effect&quot;:&quot;slide&quot;,&quot;speed&quot;:500,&quot;space_between&quot;:{&quot;unit&quot;:&quot;px&quot;,&quot;size&quot;:10,&quot;sizes&quot;:[]},&quot;space_between_tablet_extra&quot;:{&quot;unit&quot;:&quot;px&quot;,&quot;size&quot;:10,&quot;sizes&quot;:[]},&quot;space_between_tablet&quot;:{&quot;unit&quot;:&quot;px&quot;,&quot;size&quot;:10,&quot;sizes&quot;:[]},&quot;space_between_mobile&quot;:{&quot;unit&quot;:&quot;px&quot;,&quot;size&quot;:10,&quot;sizes&quot;:[]}}\" data-widget_type=\"media-carousel.default\">\n\t\t\t\t<div class=\"elementor-widget-container\">\n\t\t\t\t\t\t\t\t\t<div class=\"elementor-swiper\">\n\t\t\t\t\t<div class=\"elementor-main-swiper swiper\" role=\"region\" aria-roledescription=\"carousel\" aria-label=\"Slides\">\n\t\t\t\t<div class=\"swiper-wrapper\">\n\t\t\t\t\t\t\t\t\t\t\t<div class=\"swiper-slide\" role=\"group\" aria-roledescription=\"slide\">\n\t\t\t\t\t\t\t\t\t<div class=\"elementor-carousel-image\" role=\"img\" aria-label=\"b\u00e5t\" style=\"background-image: url(&#039;https:\/\/betamo.no\/wp-content\/uploads\/2022\/11\/bat.jpg&#039;)\">\n\n\t\t\t\n\t\t\t\t\t<\/div>\n\t\t\t\t\t\t\t\t<\/div>\n\t\t\t\t\t\t\t\t\t<\/div>\n\t\t\t\t\t\t\t<\/div>\n\t\t\t\t<\/div>\n\t\t\t\t\t\t\t\t<\/div>\n\t\t\t\t<\/div>\n\t\t\t\t\t<\/div>\n\t\t<\/div>\n\t\t\t\t<div class=\"elementor-column elementor-col-50 elementor-inner-column elementor-element elementor-element-b9b8b0c\" data-id=\"b9b8b0c\" data-element_type=\"column\" data-e-type=\"column\" data-settings=\"{&quot;background_background&quot;:&quot;classic&quot;}\">\n\t\t\t<div class=\"elementor-widget-wrap elementor-element-populated\">\n\t\t\t\t\t\t<div class=\"elementor-element elementor-element-af4bef1 elementor-widget elementor-widget-heading\" data-id=\"af4bef1\" data-element_type=\"widget\" data-e-type=\"widget\" data-widget_type=\"heading.default\">\n\t\t\t\t<div class=\"elementor-widget-container\">\n\t\t\t\t\t<h3 class=\"elementor-heading-title elementor-size-default\">Boats<\/h3>\t\t\t\t<\/div>\n\t\t\t\t<\/div>\n\t\t\t\t<div class=\"elementor-element elementor-element-dd9edf9 elementor-widget elementor-widget-text-editor\" data-id=\"dd9edf9\" data-element_type=\"widget\" data-e-type=\"widget\" data-widget_type=\"text-editor.default\">\n\t\t\t\t<div class=\"elementor-widget-container\">\n\t\t\t\t\t\t\t\t\t<p><strong>Applications for pleasure boats and heavier marine equipment<\/strong><\/p><p>Norway is a maritime nation and a boating nation. The tradition of boats, sea and ocean has been here for over 1,000 years. As is tradition, Norway has a good number of renowned boat manufacturers. We at Betamo AS supply linear units to a number of the manufacturers of pleasure boats in Norway.<\/p><p>We can deliver the linear unit itself, or we can go all the way and deliver a system specially designed for your boat's applications. Anything from a simple control system, to more complex electronic control systems for a number of functions.\nWe customize all devices to achieve perfect functionality!<\/p><p>In addition, Betamo supplies equipment for winches (marine and offshore), propulsion machinery for large ships and many other applications for marine machinery.<\/p>\t\t\t\t\t\t\t\t<\/div>\n\t\t\t\t<\/div>\n\t\t\t\t\t<\/div>\n\t\t<\/div>\n\t\t\t\t\t<\/div>\n\t\t<\/section>\n\t\t\t\t\t<\/div>\n\t\t<\/div>\n\t\t\t\t\t<\/div>\n\t\t<\/section>\n\t\t\t\t<section class=\"elementor-section elementor-top-section elementor-element elementor-element-458d53f elementor-section-boxed elementor-section-height-default elementor-section-height-default\" data-id=\"458d53f\" data-element_type=\"section\" data-e-type=\"section\" data-settings=\"{&quot;background_background&quot;:&quot;classic&quot;,&quot;shape_divider_top&quot;:&quot;arrow&quot;}\">\n\t\t\t\t\t\t\t<div class=\"elementor-background-overlay\"><\/div>\n\t\t\t\t\t\t<div class=\"elementor-shape elementor-shape-top\" aria-hidden=\"true\" data-negative=\"false\">\n\t\t\t<svg xmlns=\"http:\/\/www.w3.org\/2000\/svg\" viewbox=\"0 0 700 10\" preserveaspectratio=\"none\">\n\t<path class=\"elementor-shape-fill\" d=\"M350,10L340,0h20L350,10z\"\/>\n<\/svg>\t\t<\/div>\n\t\t\t\t\t<div class=\"elementor-container elementor-column-gap-default\">\n\t\t\t\t\t<div class=\"elementor-column elementor-col-100 elementor-top-column elementor-element elementor-element-40af911\" data-id=\"40af911\" data-element_type=\"column\" data-e-type=\"column\">\n\t\t\t<div class=\"elementor-widget-wrap elementor-element-populated\">\n\t\t\t\t\t\t<div class=\"elementor-element elementor-element-ac449b5 elementor-widget elementor-widget-heading\" data-id=\"ac449b5\" data-element_type=\"widget\" data-e-type=\"widget\" data-widget_type=\"heading.default\">\n\t\t\t\t<div class=\"elementor-widget-container\">\n\t\t\t\t\t<h4 class=\"elementor-heading-title elementor-size-default\">Betamo AS<\/h4>\t\t\t\t<\/div>\n\t\t\t\t<\/div>\n\t\t\t\t<div class=\"elementor-element elementor-element-0209d9d elementor-widget elementor-widget-heading\" data-id=\"0209d9d\" data-element_type=\"widget\" data-e-type=\"widget\" data-widget_type=\"heading.default\">\n\t\t\t\t<div class=\"elementor-widget-container\">\n\t\t\t\t\t<h2 class=\"elementor-heading-title elementor-size-default\">Contact us today <\/h2>\t\t\t\t<\/div>\n\t\t\t\t<\/div>\n\t\t\t\t<div class=\"elementor-element elementor-element-bfa7fa2 elementor-align-center elementor-mobile-align-center elementor-tablet-align-center elementor-widget elementor-widget-button\" data-id=\"bfa7fa2\" data-element_type=\"widget\" data-e-type=\"widget\" data-widget_type=\"button.default\">\n\t\t\t\t<div class=\"elementor-widget-container\">\n\t\t\t\t\t\t\t\t\t<div class=\"elementor-button-wrapper\">\n\t\t\t\t\t<a class=\"elementor-button elementor-button-link elementor-size-sm\" href=\"https:\/\/betamo.no\/en\/kontakt-oss\/\">\n\t\t\t\t\t\t<span class=\"elementor-button-content-wrapper\">\n\t\t\t\t\t\t\t\t\t<span class=\"elementor-button-text\">Contact<\/span>\n\t\t\t\t\t<\/span>\n\t\t\t\t\t<\/a>\n\t\t\t\t<\/div>\n\t\t\t\t\t\t\t\t<\/div>\n\t\t\t\t<\/div>\n\t\t\t\t\t<\/div>\n\t\t<\/div>\n\t\t\t\t\t<\/div>\n\t\t<\/section>\n\t\t\t\t<\/div>","protected":false},"excerpt":{"rendered":"<p>Betamo AS B\u00e5ter B\u00e5ter Applikasjoner for lystb\u00e5ter og tyngre marint utstyr Norge er en sj\u00f8fartsnasjon og en b\u00e5tnasjon. Tradisjonen for b\u00e5t, sj\u00f8 og hav har v\u00e6rt her i over 1000 \u00e5r. Som tradisjon er, har Norge en god del anerkjente b\u00e5tprodusenter. Vi i Betamo AS leverer line\u00e6renheter til en rekke av produsentene av lystb\u00e5ter i [&hellip;]<\/p>\n","protected":false},"author":1,"featured_media":0,"parent":0,"menu_order":0,"comment_status":"closed","ping_status":"closed","template":"","meta":{"footnotes":""},"class_list":["post-1748","page","type-page","status-publish","hentry"],"yoast_head":"<!-- This site is optimized with the Yoast SEO plugin v27.4 - https:\/\/yoast.com\/product\/yoast-seo-wordpress\/ -->\n<title>B\u00e5ter - Betamo As<\/title>\n<meta name=\"robots\" content=\"index, follow, max-snippet:-1, max-image-preview:large, max-video-preview:-1\" \/>\n<link rel=\"canonical\" href=\"https:\/\/betamo.no\/en\/bater\/\" \/>\n<meta property=\"og:locale\" content=\"en_US\" \/>\n<meta property=\"og:type\" content=\"article\" \/>\n<meta property=\"og:title\" content=\"B\u00e5ter - Betamo As\" \/>\n<meta property=\"og:description\" content=\"Betamo AS B\u00e5ter B\u00e5ter Applikasjoner for lystb\u00e5ter og tyngre marint utstyr Norge er en sj\u00f8fartsnasjon og en b\u00e5tnasjon. Tradisjonen for b\u00e5t, sj\u00f8 og hav har v\u00e6rt her i over 1000 \u00e5r. Som tradisjon er, har Norge en god del anerkjente b\u00e5tprodusenter. Vi i Betamo AS leverer line\u00e6renheter til en rekke av produsentene av lystb\u00e5ter i [&hellip;]\" \/>\n<meta property=\"og:url\" content=\"https:\/\/betamo.no\/en\/bater\/\" \/>\n<meta property=\"og:site_name\" content=\"Betamo As\" \/>\n<meta property=\"article:modified_time\" content=\"2025-03-05T14:56:25+00:00\" \/>\n<meta name=\"twitter:card\" content=\"summary_large_image\" \/>\n<meta name=\"twitter:label1\" content=\"Est. reading time\" \/>\n\t<meta name=\"twitter:data1\" content=\"1 minute\" \/>\n<script type=\"application\/ld+json\" class=\"yoast-schema-graph\">{\"@context\":\"https:\\\/\\\/schema.org\",\"@graph\":[{\"@type\":\"WebPage\",\"@id\":\"https:\\\/\\\/betamo.no\\\/bater\\\/\",\"url\":\"https:\\\/\\\/betamo.no\\\/bater\\\/\",\"name\":\"B\u00e5ter - Betamo As\",\"isPartOf\":{\"@id\":\"https:\\\/\\\/betamo.no\\\/#website\"},\"datePublished\":\"2022-11-07T13:18:55+00:00\",\"dateModified\":\"2025-03-05T14:56:25+00:00\",\"breadcrumb\":{\"@id\":\"https:\\\/\\\/betamo.no\\\/bater\\\/#breadcrumb\"},\"inLanguage\":\"en-US\",\"potentialAction\":[{\"@type\":\"ReadAction\",\"target\":[\"https:\\\/\\\/betamo.no\\\/bater\\\/\"]}]},{\"@type\":\"BreadcrumbList\",\"@id\":\"https:\\\/\\\/betamo.no\\\/bater\\\/#breadcrumb\",\"itemListElement\":[{\"@type\":\"ListItem\",\"position\":1,\"name\":\"Hjem\",\"item\":\"https:\\\/\\\/betamo.no\\\/\"},{\"@type\":\"ListItem\",\"position\":2,\"name\":\"B\u00e5ter\"}]},{\"@type\":\"WebSite\",\"@id\":\"https:\\\/\\\/betamo.no\\\/#website\",\"url\":\"https:\\\/\\\/betamo.no\\\/\",\"name\":\"Betamo As\",\"description\":\"Din leverand\u00f8r av industriutstyr\",\"publisher\":{\"@id\":\"https:\\\/\\\/betamo.no\\\/#organization\"},\"potentialAction\":[{\"@type\":\"SearchAction\",\"target\":{\"@type\":\"EntryPoint\",\"urlTemplate\":\"https:\\\/\\\/betamo.no\\\/?s={search_term_string}\"},\"query-input\":{\"@type\":\"PropertyValueSpecification\",\"valueRequired\":true,\"valueName\":\"search_term_string\"}}],\"inLanguage\":\"en-US\"},{\"@type\":\"Organization\",\"@id\":\"https:\\\/\\\/betamo.no\\\/#organization\",\"name\":\"Betamo As\",\"url\":\"https:\\\/\\\/betamo.no\\\/\",\"logo\":{\"@type\":\"ImageObject\",\"inLanguage\":\"en-US\",\"@id\":\"https:\\\/\\\/betamo.no\\\/#\\\/schema\\\/logo\\\/image\\\/\",\"url\":\"https:\\\/\\\/betamo.no\\\/wp-content\\\/uploads\\\/2022\\\/10\\\/logo_PNG_1.png\",\"contentUrl\":\"https:\\\/\\\/betamo.no\\\/wp-content\\\/uploads\\\/2022\\\/10\\\/logo_PNG_1.png\",\"width\":856,\"height\":207,\"caption\":\"Betamo As\"},\"image\":{\"@id\":\"https:\\\/\\\/betamo.no\\\/#\\\/schema\\\/logo\\\/image\\\/\"}}]}<\/script>\n<!-- \/ Yoast SEO plugin. -->","yoast_head_json":{"title":"B\u00e5ter - Betamo As","robots":{"index":"index","follow":"follow","max-snippet":"max-snippet:-1","max-image-preview":"max-image-preview:large","max-video-preview":"max-video-preview:-1"},"canonical":"https:\/\/betamo.no\/en\/bater\/","og_locale":"en_US","og_type":"article","og_title":"B\u00e5ter - Betamo As","og_description":"Betamo AS B\u00e5ter B\u00e5ter Applikasjoner for lystb\u00e5ter og tyngre marint utstyr Norge er en sj\u00f8fartsnasjon og en b\u00e5tnasjon. Tradisjonen for b\u00e5t, sj\u00f8 og hav har v\u00e6rt her i over 1000 \u00e5r. Som tradisjon er, har Norge en god del anerkjente b\u00e5tprodusenter. Vi i Betamo AS leverer line\u00e6renheter til en rekke av produsentene av lystb\u00e5ter i [&hellip;]","og_url":"https:\/\/betamo.no\/en\/bater\/","og_site_name":"Betamo As","article_modified_time":"2025-03-05T14:56:25+00:00","twitter_card":"summary_large_image","twitter_misc":{"Est. reading time":"1 minute"},"schema":{"@context":"https:\/\/schema.org","@graph":[{"@type":"WebPage","@id":"https:\/\/betamo.no\/bater\/","url":"https:\/\/betamo.no\/bater\/","name":"B\u00e5ter - Betamo As","isPartOf":{"@id":"https:\/\/betamo.no\/#website"},"datePublished":"2022-11-07T13:18:55+00:00","dateModified":"2025-03-05T14:56:25+00:00","breadcrumb":{"@id":"https:\/\/betamo.no\/bater\/#breadcrumb"},"inLanguage":"en-US","potentialAction":[{"@type":"ReadAction","target":["https:\/\/betamo.no\/bater\/"]}]},{"@type":"BreadcrumbList","@id":"https:\/\/betamo.no\/bater\/#breadcrumb","itemListElement":[{"@type":"ListItem","position":1,"name":"Hjem","item":"https:\/\/betamo.no\/"},{"@type":"ListItem","position":2,"name":"B\u00e5ter"}]},{"@type":"WebSite","@id":"https:\/\/betamo.no\/#website","url":"https:\/\/betamo.no\/","name":"Betamo As","description":"Din leverand\u00f8r av industriutstyr","publisher":{"@id":"https:\/\/betamo.no\/#organization"},"potentialAction":[{"@type":"SearchAction","target":{"@type":"EntryPoint","urlTemplate":"https:\/\/betamo.no\/?s={search_term_string}"},"query-input":{"@type":"PropertyValueSpecification","valueRequired":true,"valueName":"search_term_string"}}],"inLanguage":"en-US"},{"@type":"Organization","@id":"https:\/\/betamo.no\/#organization","name":"Betamo As","url":"https:\/\/betamo.no\/","logo":{"@type":"ImageObject","inLanguage":"en-US","@id":"https:\/\/betamo.no\/#\/schema\/logo\/image\/","url":"https:\/\/betamo.no\/wp-content\/uploads\/2022\/10\/logo_PNG_1.png","contentUrl":"https:\/\/betamo.no\/wp-content\/uploads\/2022\/10\/logo_PNG_1.png","width":856,"height":207,"caption":"Betamo As"},"image":{"@id":"https:\/\/betamo.no\/#\/schema\/logo\/image\/"}}]}},"_links":{"self":[{"href":"https:\/\/betamo.no\/en\/wp-json\/wp\/v2\/pages\/1748","targetHints":{"allow":["GET"]}}],"collection":[{"href":"https:\/\/betamo.no\/en\/wp-json\/wp\/v2\/pages"}],"about":[{"href":"https:\/\/betamo.no\/en\/wp-json\/wp\/v2\/types\/page"}],"author":[{"embeddable":true,"href":"https:\/\/betamo.no\/en\/wp-json\/wp\/v2\/users\/1"}],"replies":[{"embeddable":true,"href":"https:\/\/betamo.no\/en\/wp-json\/wp\/v2\/comments?post=1748"}],"version-history":[{"count":3,"href":"https:\/\/betamo.no\/en\/wp-json\/wp\/v2\/pages\/1748\/revisions"}],"predecessor-version":[{"id":2280,"href":"https:\/\/betamo.no\/en\/wp-json\/wp\/v2\/pages\/1748\/revisions\/2280"}],"wp:attachment":[{"href":"https:\/\/betamo.no\/en\/wp-json\/wp\/v2\/media?parent=1748"}],"curies":[{"name":"wp","href":"https:\/\/api.w.org\/{rel}","templated":true}]}}