{"id":1752,"date":"2022-11-07T14:19:13","date_gmt":"2022-11-07T13:19:13","guid":{"rendered":"https:\/\/betamo.no\/?page_id=1752"},"modified":"2025-03-05T15:57:05","modified_gmt":"2025-03-05T14:57:05","slug":"hjelpemidler","status":"publish","type":"page","link":"https:\/\/betamo.no\/en\/hjelpemidler\/","title":{"rendered":"Assistive devices"},"content":{"rendered":"<div data-elementor-type=\"wp-page\" data-elementor-id=\"1752\" class=\"elementor elementor-1752\" data-elementor-settings=\"{&quot;element_pack_global_tooltip_width&quot;:{&quot;unit&quot;:&quot;px&quot;,&quot;size&quot;:&quot;&quot;,&quot;sizes&quot;:[]},&quot;element_pack_global_tooltip_width_tablet_extra&quot;:{&quot;unit&quot;:&quot;px&quot;,&quot;size&quot;:&quot;&quot;,&quot;sizes&quot;:[]},&quot;element_pack_global_tooltip_width_tablet&quot;:{&quot;unit&quot;:&quot;px&quot;,&quot;size&quot;:&quot;&quot;,&quot;sizes&quot;:[]},&quot;element_pack_global_tooltip_width_mobile&quot;:{&quot;unit&quot;:&quot;px&quot;,&quot;size&quot;:&quot;&quot;,&quot;sizes&quot;:[]},&quot;element_pack_global_tooltip_padding&quot;:{&quot;unit&quot;:&quot;px&quot;,&quot;top&quot;:&quot;&quot;,&quot;right&quot;:&quot;&quot;,&quot;bottom&quot;:&quot;&quot;,&quot;left&quot;:&quot;&quot;,&quot;isLinked&quot;:true},&quot;element_pack_global_tooltip_padding_tablet_extra&quot;:{&quot;unit&quot;:&quot;px&quot;,&quot;top&quot;:&quot;&quot;,&quot;right&quot;:&quot;&quot;,&quot;bottom&quot;:&quot;&quot;,&quot;left&quot;:&quot;&quot;,&quot;isLinked&quot;:true},&quot;element_pack_global_tooltip_padding_tablet&quot;:{&quot;unit&quot;:&quot;px&quot;,&quot;top&quot;:&quot;&quot;,&quot;right&quot;:&quot;&quot;,&quot;bottom&quot;:&quot;&quot;,&quot;left&quot;:&quot;&quot;,&quot;isLinked&quot;:true},&quot;element_pack_global_tooltip_padding_mobile&quot;:{&quot;unit&quot;:&quot;px&quot;,&quot;top&quot;:&quot;&quot;,&quot;right&quot;:&quot;&quot;,&quot;bottom&quot;:&quot;&quot;,&quot;left&quot;:&quot;&quot;,&quot;isLinked&quot;:true},&quot;element_pack_global_tooltip_border_radius&quot;:{&quot;unit&quot;:&quot;px&quot;,&quot;top&quot;:&quot;&quot;,&quot;right&quot;:&quot;&quot;,&quot;bottom&quot;:&quot;&quot;,&quot;left&quot;:&quot;&quot;,&quot;isLinked&quot;:true},&quot;element_pack_global_tooltip_border_radius_tablet_extra&quot;:{&quot;unit&quot;:&quot;px&quot;,&quot;top&quot;:&quot;&quot;,&quot;right&quot;:&quot;&quot;,&quot;bottom&quot;:&quot;&quot;,&quot;left&quot;:&quot;&quot;,&quot;isLinked&quot;:true},&quot;element_pack_global_tooltip_border_radius_tablet&quot;:{&quot;unit&quot;:&quot;px&quot;,&quot;top&quot;:&quot;&quot;,&quot;right&quot;:&quot;&quot;,&quot;bottom&quot;:&quot;&quot;,&quot;left&quot;:&quot;&quot;,&quot;isLinked&quot;:true},&quot;element_pack_global_tooltip_border_radius_mobile&quot;:{&quot;unit&quot;:&quot;px&quot;,&quot;top&quot;:&quot;&quot;,&quot;right&quot;:&quot;&quot;,&quot;bottom&quot;:&quot;&quot;,&quot;left&quot;:&quot;&quot;,&quot;isLinked&quot;:true}}\" data-elementor-post-type=\"page\">\n\t\t\t\t\t\t<section class=\"elementor-section elementor-top-section elementor-element elementor-element-0937950 elementor-section-height-min-height elementor-section-boxed elementor-section-height-default elementor-section-items-middle\" data-id=\"0937950\" data-element_type=\"section\" data-e-type=\"section\" data-settings=\"{&quot;background_background&quot;:&quot;classic&quot;}\">\n\t\t\t\t\t\t\t<div class=\"elementor-background-overlay\"><\/div>\n\t\t\t\t\t\t\t<div class=\"elementor-container elementor-column-gap-default\">\n\t\t\t\t\t<div class=\"elementor-column elementor-col-100 elementor-top-column elementor-element elementor-element-00b532a\" data-id=\"00b532a\" data-element_type=\"column\" data-e-type=\"column\">\n\t\t\t<div class=\"elementor-widget-wrap elementor-element-populated\">\n\t\t\t\t\t\t<div class=\"elementor-element elementor-element-248dfa5 elementor-widget elementor-widget-text-editor\" data-id=\"248dfa5\" data-element_type=\"widget\" data-e-type=\"widget\" data-widget_type=\"text-editor.default\">\n\t\t\t\t<div class=\"elementor-widget-container\">\n\t\t\t\t\t\t\t\t\t<p>Betamo AS<\/p>\t\t\t\t\t\t\t\t<\/div>\n\t\t\t\t<\/div>\n\t\t\t\t<div class=\"elementor-element elementor-element-796aeeb elementor-widget elementor-widget-heading\" data-id=\"796aeeb\" data-element_type=\"widget\" data-e-type=\"widget\" data-widget_type=\"heading.default\">\n\t\t\t\t<div class=\"elementor-widget-container\">\n\t\t\t\t\t<h1 class=\"elementor-heading-title elementor-size-default\">Assistive devices<\/h1>\t\t\t\t<\/div>\n\t\t\t\t<\/div>\n\t\t\t\t\t<\/div>\n\t\t<\/div>\n\t\t\t\t\t<\/div>\n\t\t<\/section>\n\t\t\t\t<section class=\"elementor-section elementor-top-section elementor-element elementor-element-babe3ed elementor-section-boxed elementor-section-height-default elementor-section-height-default\" data-id=\"babe3ed\" data-element_type=\"section\" data-e-type=\"section\" data-settings=\"{&quot;background_background&quot;:&quot;classic&quot;}\">\n\t\t\t\t\t\t<div class=\"elementor-container elementor-column-gap-default\">\n\t\t\t\t\t<div class=\"elementor-column elementor-col-100 elementor-top-column elementor-element elementor-element-c255d6b\" data-id=\"c255d6b\" data-element_type=\"column\" data-e-type=\"column\">\n\t\t\t<div class=\"elementor-widget-wrap elementor-element-populated\">\n\t\t\t\t\t\t<section class=\"elementor-section elementor-inner-section elementor-element elementor-element-a30235b elementor-section-boxed elementor-section-height-default elementor-section-height-default\" data-id=\"a30235b\" data-element_type=\"section\" data-e-type=\"section\">\n\t\t\t\t\t\t<div class=\"elementor-container elementor-column-gap-default\">\n\t\t\t\t\t<div class=\"elementor-column elementor-col-50 elementor-inner-column elementor-element elementor-element-d3a7316\" data-id=\"d3a7316\" data-element_type=\"column\" data-e-type=\"column\" data-settings=\"{&quot;background_background&quot;:&quot;classic&quot;}\">\n\t\t\t<div class=\"elementor-widget-wrap elementor-element-populated\">\n\t\t\t\t\t\t<div class=\"elementor-element elementor-element-08b534f elementor-skin-carousel elementor-widget elementor-widget-media-carousel\" data-id=\"08b534f\" data-element_type=\"widget\" data-e-type=\"widget\" data-settings=\"{&quot;skin&quot;:&quot;carousel&quot;,&quot;effect&quot;:&quot;slide&quot;,&quot;speed&quot;:500,&quot;space_between&quot;:{&quot;unit&quot;:&quot;px&quot;,&quot;size&quot;:10,&quot;sizes&quot;:[]},&quot;space_between_tablet_extra&quot;:{&quot;unit&quot;:&quot;px&quot;,&quot;size&quot;:10,&quot;sizes&quot;:[]},&quot;space_between_tablet&quot;:{&quot;unit&quot;:&quot;px&quot;,&quot;size&quot;:10,&quot;sizes&quot;:[]},&quot;space_between_mobile&quot;:{&quot;unit&quot;:&quot;px&quot;,&quot;size&quot;:10,&quot;sizes&quot;:[]}}\" data-widget_type=\"media-carousel.default\">\n\t\t\t\t<div class=\"elementor-widget-container\">\n\t\t\t\t\t\t\t\t\t<div class=\"elementor-swiper\">\n\t\t\t\t\t<div class=\"elementor-main-swiper swiper\" role=\"region\" aria-roledescription=\"carousel\" aria-label=\"Slides\">\n\t\t\t\t<div class=\"swiper-wrapper\">\n\t\t\t\t\t\t\t\t\t\t\t<div class=\"swiper-slide\" role=\"group\" aria-roledescription=\"slide\">\n\t\t\t\t\t\t\t\t\t<div class=\"elementor-carousel-image\" role=\"img\" aria-label=\"Ratt og gir i bil til funksjonshemmede\" style=\"background-image: url(&#039;https:\/\/betamo.no\/wp-content\/uploads\/2022\/11\/ratt.jpg&#039;)\">\n\n\t\t\t\n\t\t\t\t\t<\/div>\n\t\t\t\t\t\t\t\t<\/div>\n\t\t\t\t\t\t\t\t\t<\/div>\n\t\t\t\t\t\t\t<\/div>\n\t\t\t\t<\/div>\n\t\t\t\t\t\t\t\t<\/div>\n\t\t\t\t<\/div>\n\t\t\t\t\t<\/div>\n\t\t<\/div>\n\t\t\t\t<div class=\"elementor-column elementor-col-50 elementor-inner-column elementor-element elementor-element-1311239\" data-id=\"1311239\" data-element_type=\"column\" data-e-type=\"column\" data-settings=\"{&quot;background_background&quot;:&quot;classic&quot;}\">\n\t\t\t<div class=\"elementor-widget-wrap elementor-element-populated\">\n\t\t\t\t\t\t<div class=\"elementor-element elementor-element-417cd0b elementor-widget elementor-widget-heading\" data-id=\"417cd0b\" data-element_type=\"widget\" data-e-type=\"widget\" data-widget_type=\"heading.default\">\n\t\t\t\t<div class=\"elementor-widget-container\">\n\t\t\t\t\t<h3 class=\"elementor-heading-title elementor-size-default\">Assistive devices<\/h3>\t\t\t\t<\/div>\n\t\t\t\t<\/div>\n\t\t\t\t<div class=\"elementor-element elementor-element-fed2815 elementor-widget elementor-widget-text-editor\" data-id=\"fed2815\" data-element_type=\"widget\" data-e-type=\"widget\" data-widget_type=\"text-editor.default\">\n\t\t\t\t<div class=\"elementor-widget-container\">\n\t\t\t\t\t\t\t\t\t<p><strong>Assistive devices for the disabled<\/strong><\/p><p>Betamo AS can supply everything from simple linear units to advanced control systems adapted to aids for the disabled. We supply devices to a large part of Norway's manufacturers of such aids. This applies, among other things, to wheelchair production and when it comes to advanced adaptations of cars and other vehicles for the disabled.<\/p><p>We assure you that we as a company will do everything in our power to adapt the  parts to your products. Our complete range of linear units ensure that we can supply every system. \nFrom the smallest to the largest, including special adaptations if you need it!<\/p>\t\t\t\t\t\t\t\t<\/div>\n\t\t\t\t<\/div>\n\t\t\t\t\t<\/div>\n\t\t<\/div>\n\t\t\t\t\t<\/div>\n\t\t<\/section>\n\t\t\t\t\t<\/div>\n\t\t<\/div>\n\t\t\t\t\t<\/div>\n\t\t<\/section>\n\t\t\t\t<section class=\"elementor-section elementor-top-section elementor-element elementor-element-1017658 elementor-section-boxed elementor-section-height-default elementor-section-height-default\" data-id=\"1017658\" data-element_type=\"section\" data-e-type=\"section\" data-settings=\"{&quot;background_background&quot;:&quot;classic&quot;,&quot;shape_divider_top&quot;:&quot;arrow&quot;}\">\n\t\t\t\t\t\t\t<div class=\"elementor-background-overlay\"><\/div>\n\t\t\t\t\t\t<div class=\"elementor-shape elementor-shape-top\" aria-hidden=\"true\" data-negative=\"false\">\n\t\t\t<svg xmlns=\"http:\/\/www.w3.org\/2000\/svg\" viewbox=\"0 0 700 10\" preserveaspectratio=\"none\">\n\t<path class=\"elementor-shape-fill\" d=\"M350,10L340,0h20L350,10z\"\/>\n<\/svg>\t\t<\/div>\n\t\t\t\t\t<div class=\"elementor-container elementor-column-gap-default\">\n\t\t\t\t\t<div class=\"elementor-column elementor-col-100 elementor-top-column elementor-element elementor-element-af1952a\" data-id=\"af1952a\" data-element_type=\"column\" data-e-type=\"column\">\n\t\t\t<div class=\"elementor-widget-wrap elementor-element-populated\">\n\t\t\t\t\t\t<div class=\"elementor-element elementor-element-3341031 elementor-widget elementor-widget-heading\" data-id=\"3341031\" data-element_type=\"widget\" data-e-type=\"widget\" data-widget_type=\"heading.default\">\n\t\t\t\t<div class=\"elementor-widget-container\">\n\t\t\t\t\t<h4 class=\"elementor-heading-title elementor-size-default\">Betamo AS<\/h4>\t\t\t\t<\/div>\n\t\t\t\t<\/div>\n\t\t\t\t<div class=\"elementor-element elementor-element-010e133 elementor-widget elementor-widget-heading\" data-id=\"010e133\" data-element_type=\"widget\" data-e-type=\"widget\" data-widget_type=\"heading.default\">\n\t\t\t\t<div class=\"elementor-widget-container\">\n\t\t\t\t\t<h2 class=\"elementor-heading-title elementor-size-default\">Contact us today <\/h2>\t\t\t\t<\/div>\n\t\t\t\t<\/div>\n\t\t\t\t<div class=\"elementor-element elementor-element-a7786d2 elementor-align-center elementor-mobile-align-center elementor-tablet-align-center elementor-widget elementor-widget-button\" data-id=\"a7786d2\" data-element_type=\"widget\" data-e-type=\"widget\" data-widget_type=\"button.default\">\n\t\t\t\t<div class=\"elementor-widget-container\">\n\t\t\t\t\t\t\t\t\t<div class=\"elementor-button-wrapper\">\n\t\t\t\t\t<a class=\"elementor-button elementor-button-link elementor-size-sm\" href=\"https:\/\/betamo.no\/en\/kontakt-oss\/\">\n\t\t\t\t\t\t<span class=\"elementor-button-content-wrapper\">\n\t\t\t\t\t\t\t\t\t<span class=\"elementor-button-text\">Contact<\/span>\n\t\t\t\t\t<\/span>\n\t\t\t\t\t<\/a>\n\t\t\t\t<\/div>\n\t\t\t\t\t\t\t\t<\/div>\n\t\t\t\t<\/div>\n\t\t\t\t\t<\/div>\n\t\t<\/div>\n\t\t\t\t\t<\/div>\n\t\t<\/section>\n\t\t\t\t<\/div>","protected":false},"excerpt":{"rendered":"<p>Betamo AS Hjelpemidler Hjelpemidler Hjelpemidler for bevegelseshemmede Betamo AS kan levere alt fra enkle line\u00e6renheter til avanserte styringssystemer tilpasset hjelpemidler for funksjonshemmede. Vi leverer enheter til en stor del av Norges produsenter av slike hjelpemidler. Dette gjelder blant annet rullestolproduksjon og n\u00e5r det kommer til avanserte tilpasninger av biler og andre kj\u00f8ret\u00f8y for funksjonshemmede. Fra [&hellip;]<\/p>\n","protected":false},"author":1,"featured_media":0,"parent":0,"menu_order":0,"comment_status":"closed","ping_status":"closed","template":"","meta":{"footnotes":""},"class_list":["post-1752","page","type-page","status-publish","hentry"],"yoast_head":"<!-- This site is optimized with the Yoast SEO plugin v27.4 - https:\/\/yoast.com\/product\/yoast-seo-wordpress\/ -->\n<title>Hjelpemidler - Betamo As<\/title>\n<meta name=\"robots\" content=\"index, follow, max-snippet:-1, max-image-preview:large, max-video-preview:-1\" \/>\n<link rel=\"canonical\" href=\"https:\/\/betamo.no\/en\/hjelpemidler\/\" \/>\n<meta property=\"og:locale\" content=\"en_US\" \/>\n<meta property=\"og:type\" content=\"article\" \/>\n<meta property=\"og:title\" content=\"Hjelpemidler - Betamo As\" \/>\n<meta property=\"og:description\" content=\"Betamo AS Hjelpemidler Hjelpemidler Hjelpemidler for bevegelseshemmede Betamo AS kan levere alt fra enkle line\u00e6renheter til avanserte styringssystemer tilpasset hjelpemidler for funksjonshemmede. Vi leverer enheter til en stor del av Norges produsenter av slike hjelpemidler. Dette gjelder blant annet rullestolproduksjon og n\u00e5r det kommer til avanserte tilpasninger av biler og andre kj\u00f8ret\u00f8y for funksjonshemmede. Fra [&hellip;]\" \/>\n<meta property=\"og:url\" content=\"https:\/\/betamo.no\/en\/hjelpemidler\/\" \/>\n<meta property=\"og:site_name\" content=\"Betamo As\" \/>\n<meta property=\"article:modified_time\" content=\"2025-03-05T14:57:05+00:00\" \/>\n<meta name=\"twitter:card\" content=\"summary_large_image\" \/>\n<meta name=\"twitter:label1\" content=\"Est. reading time\" \/>\n\t<meta name=\"twitter:data1\" content=\"1 minute\" \/>\n<script type=\"application\/ld+json\" class=\"yoast-schema-graph\">{\"@context\":\"https:\\\/\\\/schema.org\",\"@graph\":[{\"@type\":\"WebPage\",\"@id\":\"https:\\\/\\\/betamo.no\\\/hjelpemidler\\\/\",\"url\":\"https:\\\/\\\/betamo.no\\\/hjelpemidler\\\/\",\"name\":\"Hjelpemidler - Betamo As\",\"isPartOf\":{\"@id\":\"https:\\\/\\\/betamo.no\\\/#website\"},\"datePublished\":\"2022-11-07T13:19:13+00:00\",\"dateModified\":\"2025-03-05T14:57:05+00:00\",\"breadcrumb\":{\"@id\":\"https:\\\/\\\/betamo.no\\\/hjelpemidler\\\/#breadcrumb\"},\"inLanguage\":\"en-US\",\"potentialAction\":[{\"@type\":\"ReadAction\",\"target\":[\"https:\\\/\\\/betamo.no\\\/hjelpemidler\\\/\"]}]},{\"@type\":\"BreadcrumbList\",\"@id\":\"https:\\\/\\\/betamo.no\\\/hjelpemidler\\\/#breadcrumb\",\"itemListElement\":[{\"@type\":\"ListItem\",\"position\":1,\"name\":\"Hjem\",\"item\":\"https:\\\/\\\/betamo.no\\\/\"},{\"@type\":\"ListItem\",\"position\":2,\"name\":\"Hjelpemidler\"}]},{\"@type\":\"WebSite\",\"@id\":\"https:\\\/\\\/betamo.no\\\/#website\",\"url\":\"https:\\\/\\\/betamo.no\\\/\",\"name\":\"Betamo As\",\"description\":\"Din leverand\u00f8r av industriutstyr\",\"publisher\":{\"@id\":\"https:\\\/\\\/betamo.no\\\/#organization\"},\"potentialAction\":[{\"@type\":\"SearchAction\",\"target\":{\"@type\":\"EntryPoint\",\"urlTemplate\":\"https:\\\/\\\/betamo.no\\\/?s={search_term_string}\"},\"query-input\":{\"@type\":\"PropertyValueSpecification\",\"valueRequired\":true,\"valueName\":\"search_term_string\"}}],\"inLanguage\":\"en-US\"},{\"@type\":\"Organization\",\"@id\":\"https:\\\/\\\/betamo.no\\\/#organization\",\"name\":\"Betamo As\",\"url\":\"https:\\\/\\\/betamo.no\\\/\",\"logo\":{\"@type\":\"ImageObject\",\"inLanguage\":\"en-US\",\"@id\":\"https:\\\/\\\/betamo.no\\\/#\\\/schema\\\/logo\\\/image\\\/\",\"url\":\"https:\\\/\\\/betamo.no\\\/wp-content\\\/uploads\\\/2022\\\/10\\\/logo_PNG_1.png\",\"contentUrl\":\"https:\\\/\\\/betamo.no\\\/wp-content\\\/uploads\\\/2022\\\/10\\\/logo_PNG_1.png\",\"width\":856,\"height\":207,\"caption\":\"Betamo As\"},\"image\":{\"@id\":\"https:\\\/\\\/betamo.no\\\/#\\\/schema\\\/logo\\\/image\\\/\"}}]}<\/script>\n<!-- \/ Yoast SEO plugin. -->","yoast_head_json":{"title":"Hjelpemidler - Betamo As","robots":{"index":"index","follow":"follow","max-snippet":"max-snippet:-1","max-image-preview":"max-image-preview:large","max-video-preview":"max-video-preview:-1"},"canonical":"https:\/\/betamo.no\/en\/hjelpemidler\/","og_locale":"en_US","og_type":"article","og_title":"Hjelpemidler - Betamo As","og_description":"Betamo AS Hjelpemidler Hjelpemidler Hjelpemidler for bevegelseshemmede Betamo AS kan levere alt fra enkle line\u00e6renheter til avanserte styringssystemer tilpasset hjelpemidler for funksjonshemmede. Vi leverer enheter til en stor del av Norges produsenter av slike hjelpemidler. Dette gjelder blant annet rullestolproduksjon og n\u00e5r det kommer til avanserte tilpasninger av biler og andre kj\u00f8ret\u00f8y for funksjonshemmede. Fra [&hellip;]","og_url":"https:\/\/betamo.no\/en\/hjelpemidler\/","og_site_name":"Betamo As","article_modified_time":"2025-03-05T14:57:05+00:00","twitter_card":"summary_large_image","twitter_misc":{"Est. reading time":"1 minute"},"schema":{"@context":"https:\/\/schema.org","@graph":[{"@type":"WebPage","@id":"https:\/\/betamo.no\/hjelpemidler\/","url":"https:\/\/betamo.no\/hjelpemidler\/","name":"Hjelpemidler - Betamo As","isPartOf":{"@id":"https:\/\/betamo.no\/#website"},"datePublished":"2022-11-07T13:19:13+00:00","dateModified":"2025-03-05T14:57:05+00:00","breadcrumb":{"@id":"https:\/\/betamo.no\/hjelpemidler\/#breadcrumb"},"inLanguage":"en-US","potentialAction":[{"@type":"ReadAction","target":["https:\/\/betamo.no\/hjelpemidler\/"]}]},{"@type":"BreadcrumbList","@id":"https:\/\/betamo.no\/hjelpemidler\/#breadcrumb","itemListElement":[{"@type":"ListItem","position":1,"name":"Hjem","item":"https:\/\/betamo.no\/"},{"@type":"ListItem","position":2,"name":"Hjelpemidler"}]},{"@type":"WebSite","@id":"https:\/\/betamo.no\/#website","url":"https:\/\/betamo.no\/","name":"Betamo As","description":"Din leverand\u00f8r av industriutstyr","publisher":{"@id":"https:\/\/betamo.no\/#organization"},"potentialAction":[{"@type":"SearchAction","target":{"@type":"EntryPoint","urlTemplate":"https:\/\/betamo.no\/?s={search_term_string}"},"query-input":{"@type":"PropertyValueSpecification","valueRequired":true,"valueName":"search_term_string"}}],"inLanguage":"en-US"},{"@type":"Organization","@id":"https:\/\/betamo.no\/#organization","name":"Betamo As","url":"https:\/\/betamo.no\/","logo":{"@type":"ImageObject","inLanguage":"en-US","@id":"https:\/\/betamo.no\/#\/schema\/logo\/image\/","url":"https:\/\/betamo.no\/wp-content\/uploads\/2022\/10\/logo_PNG_1.png","contentUrl":"https:\/\/betamo.no\/wp-content\/uploads\/2022\/10\/logo_PNG_1.png","width":856,"height":207,"caption":"Betamo As"},"image":{"@id":"https:\/\/betamo.no\/#\/schema\/logo\/image\/"}}]}},"_links":{"self":[{"href":"https:\/\/betamo.no\/en\/wp-json\/wp\/v2\/pages\/1752","targetHints":{"allow":["GET"]}}],"collection":[{"href":"https:\/\/betamo.no\/en\/wp-json\/wp\/v2\/pages"}],"about":[{"href":"https:\/\/betamo.no\/en\/wp-json\/wp\/v2\/types\/page"}],"author":[{"embeddable":true,"href":"https:\/\/betamo.no\/en\/wp-json\/wp\/v2\/users\/1"}],"replies":[{"embeddable":true,"href":"https:\/\/betamo.no\/en\/wp-json\/wp\/v2\/comments?post=1752"}],"version-history":[{"count":3,"href":"https:\/\/betamo.no\/en\/wp-json\/wp\/v2\/pages\/1752\/revisions"}],"predecessor-version":[{"id":2283,"href":"https:\/\/betamo.no\/en\/wp-json\/wp\/v2\/pages\/1752\/revisions\/2283"}],"wp:attachment":[{"href":"https:\/\/betamo.no\/en\/wp-json\/wp\/v2\/media?parent=1752"}],"curies":[{"name":"wp","href":"https:\/\/api.w.org\/{rel}","templated":true}]}}